{"id":298,"date":"2021-05-28T14:51:16","date_gmt":"2021-05-28T12:51:16","guid":{"rendered":"https:\/\/meilleursgroupestelegram.fr\/?page_id=298"},"modified":"2021-05-28T14:51:17","modified_gmt":"2021-05-28T12:51:17","slug":"plan-de-site","status":"publish","type":"page","link":"https:\/\/meilleursgroupestelegram.fr\/nl\/plan-de-site\/","title":{"rendered":"Kaart"},"content":{"rendered":"\n<p><strong><div class=\"wsp-container\"><h2 class=\"wsp-pages-title\">Pagina&#039;s<\/h2>\n<ul class=\"wsp-pages-list\">\n<li class=\"page_item page-item-194\"><a href=\"https:\/\/meilleursgroupestelegram.fr\/nl\/\">Meilleurs groupes telegram<\/a><\/li>\n<li class=\"page_item page-item-290\"><a href=\"https:\/\/meilleursgroupestelegram.fr\/nl\/mentions-legales\/\">Mentions l\u00e9gales<\/a><\/li>\n<li class=\"page_item page-item-298\"><a href=\"https:\/\/meilleursgroupestelegram.fr\/nl\/plan-de-site\/\">Plan de site<\/a><\/li>\n<\/ul>\n<h2 class=\"wsp-posts-title\">Berichten per categorie<\/h2>\n<ul class=\"wsp-posts-list\">\n\t<li><strong class=\"wsp-category-title\">Categorie: <a href=\"https:\/\/meilleursgroupestelegram.fr\/nl\/category\/articles\/\">Articles<\/a><\/strong>\n<ul class=\"wsp-posts-list\">\t\t<li class=\"wsp-post\"><a href=\"https:\/\/meilleursgroupestelegram.fr\/nl\/6annonce\/\">6annonce : mon avis complet sur le site d\u2019annonces escort<\/a><\/li>\n\t\t<li class=\"wsp-post\"><a href=\"https:\/\/meilleursgroupestelegram.fr\/nl\/difference-entre-whatsapp-et-telegram\/\">Quelle est la diff\u00e9rence entre whatsapp et telegram ?<\/a><\/li>\n\t\t<li class=\"wsp-post\"><a href=\"https:\/\/meilleursgroupestelegram.fr\/nl\/difference-entre-groupe-et-canal-telegram\/\">La diff\u00e9rence entre un groupe et un canal Telegram<\/a><\/li>\n\t\t<li class=\"wsp-post\"><a href=\"https:\/\/meilleursgroupestelegram.fr\/nl\/comment-creer-un-canal-telegram\/\">Comment cr\u00e9er un canal telegram ?<\/a><\/li>\n\t\t<li class=\"wsp-post\"><a href=\"https:\/\/meilleursgroupestelegram.fr\/nl\/quest-ce-quun-canal-telegram\/\">Qu'est-ce qu'un canal telegram ?<\/a><\/li>\n\t\t<li class=\"wsp-post\"><a href=\"https:\/\/meilleursgroupestelegram.fr\/nl\/quest-ce-que-telegram\/\">Qu'est-ce que Telegram ?<\/a><\/li>\n\t\t<li class=\"wsp-post\"><a href=\"https:\/\/meilleursgroupestelegram.fr\/nl\/comment-trouver-un-groupe-sur-telegram\/\">Comment trouver un groupe sur Telegram ?<\/a><\/li>\n<\/ul><\/li>\n\t<li><strong class=\"wsp-category-title\">Categorie: <a href=\"https:\/\/meilleursgroupestelegram.fr\/nl\/category\/autres\/\">Autres<\/a><\/strong>\n<ul class=\"wsp-posts-list\">\t\t<li class=\"wsp-post\"><a href=\"https:\/\/meilleursgroupestelegram.fr\/nl\/sharenude\/\">Share Nude : la plateforme controvers\u00e9e qui gagne en popularit\u00e9<\/a><\/li>\n\t\t<li class=\"wsp-post\"><a href=\"https:\/\/meilleursgroupestelegram.fr\/nl\/ruenu\/\">Ruenu.com : acc\u00e9der rapidement \u00e0 la plateforme de vid\u00e9os adultes en streaming<\/a><\/li>\n\t\t<li class=\"wsp-post\"><a href=\"https:\/\/meilleursgroupestelegram.fr\/nl\/bagarre-choc\/\">Groupes Telegram Bagarre &#038; Choquant<\/a><\/li>\n\t\t<li class=\"wsp-post\"><a href=\"https:\/\/meilleursgroupestelegram.fr\/nl\/compte-snap-nude\/\">Liste de comptes snap qui nude<\/a><\/li>\n\t\t<li class=\"wsp-post\"><a href=\"https:\/\/meilleursgroupestelegram.fr\/nl\/gay\/\">Groupes Telegram Gay<\/a><\/li>\n\t\t<li class=\"wsp-post\"><a href=\"https:\/\/meilleursgroupestelegram.fr\/nl\/personnalites\/\">Groupes Telegram de Personnalit\u00e9s<\/a><\/li>\n\t\t<li class=\"wsp-post\"><a href=\"https:\/\/meilleursgroupestelegram.fr\/nl\/argent\/\">Groupes Telegram Argent<\/a><\/li>\n\t\t<li class=\"wsp-post\"><a href=\"https:\/\/meilleursgroupestelegram.fr\/nl\/divertissement\/\">Groupes Telegram Divertissement<\/a><\/li>\n<\/ul><\/li>\n\t<li><strong class=\"wsp-category-title\">Categorie: <a href=\"https:\/\/meilleursgroupestelegram.fr\/nl\/category\/blog\/\">Blog<\/a><\/strong>\n<ul class=\"wsp-posts-list\">\t\t<li class=\"wsp-post\"><a href=\"https:\/\/meilleursgroupestelegram.fr\/nl\/borntobefuck-risques-conseils\/\">BornToBeFuck : analyse des risques et conseils pour naviguer<\/a><\/li>\n\t\t<li class=\"wsp-post\"><a href=\"https:\/\/meilleursgroupestelegram.fr\/nl\/djizz-rencontre-gay\/\">Djizz : avis sur le site de rencontre gay et ses alternatives<\/a><\/li>\n\t\t<li class=\"wsp-post\"><a href=\"https:\/\/meilleursgroupestelegram.fr\/nl\/utiliser-erome-partager\/\">Comment utiliser erome pour partager vos contenus en toute simplicit\u00e9<\/a><\/li>\n\t\t<li class=\"wsp-post\"><a href=\"https:\/\/meilleursgroupestelegram.fr\/nl\/gaytag-videos-hommes-gay\/\">Gaytag : la plateforme d\u00e9di\u00e9e aux vid\u00e9os pour hommes gay<\/a><\/li>\n\t\t<li class=\"wsp-post\"><a href=\"https:\/\/meilleursgroupestelegram.fr\/nl\/jecontacte-76-amour-seine-maritime\/\">Jecontacte 76 : trouvez l'amour en Seine-Maritime facilement<\/a><\/li>\n\t\t<li class=\"wsp-post\"><a href=\"https:\/\/meilleursgroupestelegram.fr\/nl\/le-bon-fap-tubes-porno\/\">Le Bon Fap : sites de tubes porno gratuits et meilleures alternatives<\/a><\/li>\n\t\t<li class=\"wsp-post\"><a href=\"https:\/\/meilleursgroupestelegram.fr\/nl\/netechangisme-communaute-libertine\/\">Netechangisme : comment retrouver cette communaut\u00e9 libertine en ligne ?<\/a><\/li>\n\t\t<li class=\"wsp-post\"><a href=\"https:\/\/meilleursgroupestelegram.fr\/nl\/plansm-fonctionnalites-astuces\/\">Plansm : les fonctionnalit\u00e9s essentielles et astuces pour optimiser votre usage<\/a><\/li>\n\t\t<li class=\"wsp-post\"><a href=\"https:\/\/meilleursgroupestelegram.fr\/nl\/playfetish-rencontres-fetichistes\/\">Playfetish : explore les rencontres f\u00e9tichistes sans tabous<\/a><\/li>\n\t\t<li class=\"wsp-post\"><a href=\"https:\/\/meilleursgroupestelegram.fr\/nl\/sexylib-retour-libertin\/\">Sexylib : mon retour d'exp\u00e9rience sur ce site libertin sans tabou<\/a><\/li>\n\t\t<li class=\"wsp-post\"><a href=\"https:\/\/meilleursgroupestelegram.fr\/nl\/vosfemmes-exhibitions-france\/\">Vosfemmes.com : explorez le site d'exhibitions amateurs en France<\/a><\/li>\n\t\t<li class=\"wsp-post\"><a href=\"https:\/\/meilleursgroupestelegram.fr\/nl\/leakimedia-sanctions-penales\/\">Leakimedia : les sanctions p\u00e9nales auxquelles s'exposent les utilisateurs<\/a><\/li>\n\t\t<li class=\"wsp-post\"><a href=\"https:\/\/meilleursgroupestelegram.fr\/nl\/stripcha-videos-direct-adultes\/\">Stripcha : explorez l'univers des vid\u00e9os en direct pour adultes<\/a><\/li>\n\t\t<li class=\"wsp-post\"><a href=\"https:\/\/meilleursgroupestelegram.fr\/nl\/nouslibertin\/\">Quel avenir pour NousLibertin en 2026\u00a0?<\/a><\/li>\n\t\t<li class=\"wsp-post\"><a href=\"https:\/\/meilleursgroupestelegram.fr\/nl\/je-montre-ma-sextape\/\">Je montre ma sextape : d\u00e9couvrez la plateforme id\u00e9ale pour publier et savourer des vid\u00e9os amateurs<\/a><\/li>\n<\/ul><\/li>\n\t<li><strong class=\"wsp-category-title\">Categorie: <a href=\"https:\/\/meilleursgroupestelegram.fr\/nl\/category\/rencontre\/\">Rencontre<\/a><\/strong>\n<ul class=\"wsp-posts-list\">\t\t<li class=\"wsp-post\"><a href=\"https:\/\/meilleursgroupestelegram.fr\/nl\/place-libertine\/\">Place Libertine : ce qu\u2019il faut savoir avant de rejoindre la plateforme<\/a><\/li>\n<\/ul><\/li>\n\t<li><strong class=\"wsp-category-title\">Categorie: <a href=\"https:\/\/meilleursgroupestelegram.fr\/nl\/category\/telegram\/\">Telegram<\/a><\/strong>\n<ul class=\"wsp-posts-list\">\t\t<li class=\"wsp-post\"><a href=\"https:\/\/meilleursgroupestelegram.fr\/nl\/spiice-avis\/\">Spiice Avis : L\u2019Application de Rencontres Qui Change les R\u00e8gles du Jeu<\/a><\/li>\n\t\t<li class=\"wsp-post\"><a href=\"https:\/\/meilleursgroupestelegram.fr\/nl\/telegram-leak\/\">Groupes Telegram Leaked Onlyfans &#038; Mym<\/a><\/li>\n\t\t<li class=\"wsp-post\"><a href=\"https:\/\/meilleursgroupestelegram.fr\/nl\/tik-tok-porn\/\">TikTok Porn : 50 comptes TikTok porno \u00e0 suivre<\/a><\/li>\n\t\t<li class=\"wsp-post\"><a href=\"https:\/\/meilleursgroupestelegram.fr\/nl\/discord-porn\/\">Discord Porn : 50 serveurs discord porno \u00e0 rejoindre<\/a><\/li>\n\t\t<li class=\"wsp-post\"><a href=\"https:\/\/meilleursgroupestelegram.fr\/nl\/discord-nude\/\">Discord Nude : 50 serveurs discord nudes \u00e0 rejoindre<\/a><\/li>\n\t\t<li class=\"wsp-post\"><a href=\"https:\/\/meilleursgroupestelegram.fr\/nl\/nudes\/\">Groupes Telegram Nudes<\/a><\/li>\n\t\t<li class=\"wsp-post\"><a href=\"https:\/\/meilleursgroupestelegram.fr\/nl\/trading\/\">Groupes Telegram Trading<\/a><\/li>\n\t\t<li class=\"wsp-post\"><a href=\"https:\/\/meilleursgroupestelegram.fr\/nl\/cryptomonnaie\/\">Groupes Telegram Cryptomonnaie<\/a><\/li>\n\t\t<li class=\"wsp-post\"><a href=\"https:\/\/meilleursgroupestelegram.fr\/nl\/films-series-tv\/\">Groupes Telegram Films &#038; S\u00e9ries TV<\/a><\/li>\n\t\t<li class=\"wsp-post\"><a href=\"https:\/\/meilleursgroupestelegram.fr\/nl\/pronostic-paris-sportifs\/\">Groupes Telegram Pronostics<\/a><\/li>\n\t\t<li class=\"wsp-post\"><a href=\"https:\/\/meilleursgroupestelegram.fr\/nl\/sexe-porno\/\">Groupes Telegram Sexe &#038; Porno<\/a><\/li>\n<\/ul><\/li>\n\t<li><strong class=\"wsp-category-title\">Categorie: <a href=\"https:\/\/meilleursgroupestelegram.fr\/nl\/category\/tlgrm\/\">tlgrm<\/a><\/strong>\n<ul class=\"wsp-posts-list\">\t\t<li class=\"wsp-post\"><a href=\"https:\/\/meilleursgroupestelegram.fr\/nl\/exclu2bz\/\">exclu2bz<\/a><\/li>\n\t\t<li class=\"wsp-post\"><a href=\"https:\/\/meilleursgroupestelegram.fr\/nl\/jacquie-michel\/\">Jacquie Michel<\/a><\/li>\n\t\t<li class=\"wsp-post\"><a href=\"https:\/\/meilleursgroupestelegram.fr\/nl\/brazzers\/\">Brazzers<\/a><\/li>\n\t\t<li class=\"wsp-post\"><a href=\"https:\/\/meilleursgroupestelegram.fr\/nl\/telegram-trans\/\">Groupes Telegram Trans<\/a><\/li>\n\t\t<li class=\"wsp-post\"><a href=\"https:\/\/meilleursgroupestelegram.fr\/nl\/telegram-teens\/\">Telegram Teens<\/a><\/li>\n\t\t<li class=\"wsp-post\"><a href=\"https:\/\/meilleursgroupestelegram.fr\/nl\/tik-tok-18\/\">Tik Tok 18<\/a><\/li>\n\t\t<li class=\"wsp-post\"><a href=\"https:\/\/meilleursgroupestelegram.fr\/nl\/telegram-hentai\/\">Groupes Telegram Hentai<\/a><\/li>\n\t\t<li class=\"wsp-post\"><a href=\"https:\/\/meilleursgroupestelegram.fr\/nl\/ad-laurent\/\">AD Laurent<\/a><\/li>\n\t\t<li class=\"wsp-post\"><a href=\"https:\/\/meilleursgroupestelegram.fr\/nl\/bdsm\/\">Groupes Telegram BDSM<\/a><\/li>\n\t\t<li class=\"wsp-post\"><a href=\"https:\/\/meilleursgroupestelegram.fr\/nl\/marvin-tilliere\/\">Marvin Tilli\u00e8re<\/a><\/li>\n\t\t<li class=\"wsp-post\"><a href=\"https:\/\/meilleursgroupestelegram.fr\/nl\/jazz-correia\/\">Jazz Correia<\/a><\/li>\n\t\t<li class=\"wsp-post\"><a href=\"https:\/\/meilleursgroupestelegram.fr\/nl\/wejdene\/\">Wejdene<\/a><\/li>\n<\/ul><\/li>\n<\/ul>\n<\/div><\/strong><\/p>\n<div style='text-align:center' class='yasr-auto-insert-visitor'><!--Yasr Visitor Votes Shortcode--><div id='yasr_visitor_votes_6916bbf2e7116' class='yasr-visitor-votes'><div class=\"yasr-custom-text-vv-before yasr-custom-text-vv-before-298\">\u00c9valuez cet article<\/div><div id='yasr-vv-second-row-container-6916bbf2e7116'\r\n                                        class='yasr-vv-second-row-container'><div id='yasr-visitor-votes-rater-6916bbf2e7116'\r\n                                      class='yasr-rater-stars-vv'\r\n                                      data-rater-postid='298'\r\n                                      data-rating='0'\r\n                                      data-rater-starsize='32'\r\n                                      data-rater-readonly='true'\r\n                                      data-rater-nonce='2fa789159c'\r\n                                      data-issingular='false'\r\n                                    ><\/div><div class=\"yasr-vv-stats-text-container\" id=\"yasr-vv-stats-text-container-6916bbf2e7116\"><span id=\"yasr-vv-text-container-6916bbf2e7116\" class=\"yasr-vv-text-container\">[Total: <span id=\"yasr-vv-votes-number-container-6916bbf2e7116\">0<\/span>  Average: <span id=\"yasr-vv-average-container-6916bbf2e7116\">0<\/span>]<\/span><\/div><div id='yasr-vv-loader-6916bbf2e7116' class='yasr-vv-container-loader'><\/div><\/div><div id='yasr-vv-bottom-container-6916bbf2e7116'\r\n                              class='yasr-vv-bottom-container'\r\n                              style='display:none'><div class='yasr-small-block-bold'><span class='yasr-visitor-votes-must-sign-in'>Vous devez vous connecter pour voter<\/span><\/div><\/div><\/div><!--End Yasr Visitor Votes Shortcode--><\/div>","protected":false},"excerpt":{"rendered":"<p>\u00c9valuez cet article[Total: 0 Average: 0]Vous devez vous connecter pour voter<\/p>\n","protected":false},"author":1,"featured_media":0,"parent":0,"menu_order":0,"comment_status":"closed","ping_status":"closed","template":"","meta":{"yasr_overall_rating":0,"yasr_post_is_review":"","yasr_auto_insert_disabled":"","yasr_review_type":"","footnotes":""},"class_list":["post-298","page","type-page","status-publish","hentry"],"aioseo_notices":[],"yasr_visitor_votes":{"stars_attributes":{"read_only":true,"span_bottom":"<div class='yasr-small-block-bold'><span class='yasr-visitor-votes-must-sign-in'>Vous devez vous connecter pour voter<\/span><\/div>"},"number_of_votes":0,"sum_votes":0},"_links":{"self":[{"href":"https:\/\/meilleursgroupestelegram.fr\/nl\/wp-json\/wp\/v2\/pages\/298","targetHints":{"allow":["GET"]}}],"collection":[{"href":"https:\/\/meilleursgroupestelegram.fr\/nl\/wp-json\/wp\/v2\/pages"}],"about":[{"href":"https:\/\/meilleursgroupestelegram.fr\/nl\/wp-json\/wp\/v2\/types\/page"}],"author":[{"embeddable":true,"href":"https:\/\/meilleursgroupestelegram.fr\/nl\/wp-json\/wp\/v2\/users\/1"}],"replies":[{"embeddable":true,"href":"https:\/\/meilleursgroupestelegram.fr\/nl\/wp-json\/wp\/v2\/comments?post=298"}],"version-history":[{"count":1,"href":"https:\/\/meilleursgroupestelegram.fr\/nl\/wp-json\/wp\/v2\/pages\/298\/revisions"}],"predecessor-version":[{"id":299,"href":"https:\/\/meilleursgroupestelegram.fr\/nl\/wp-json\/wp\/v2\/pages\/298\/revisions\/299"}],"wp:attachment":[{"href":"https:\/\/meilleursgroupestelegram.fr\/nl\/wp-json\/wp\/v2\/media?parent=298"}],"curies":[{"name":"wp","href":"https:\/\/api.w.org\/{rel}","templated":true}]}}